{"id":6800,"date":"2014-05-11T01:57:07","date_gmt":"2014-05-11T01:57:07","guid":{"rendered":"http:\/\/msjabogados.com\/?page_id=6800"},"modified":"2019-07-31T16:12:39","modified_gmt":"2019-07-31T16:12:39","slug":"conocimiento","status":"publish","type":"page","link":"https:\/\/msj.do\/en\/conocimiento\/","title":{"rendered":"Knowledge"},"content":{"rendered":"<div class=\"su-column su-column-3-5 su-column-style-0\"> En esta r\u00fabrica encontrar\u00e1 bajo sus diferentes formatos y objetivos una valiosa recopilaci\u00f3n de informaci\u00f3n jur\u00eddica sobre los principales aspectos relacionados con nuestras \u00e1reas de pr\u00e1ctica y servicios complementarios.<\/p>\n<p>Nos hemos esforzado en reunir bajo un mismo t\u00edtulo opiniones legales, normativa b\u00e1sica, doctrina, decisiones de tribunales, tendencias, novedades legislativas, recomendaciones basadas en experiencia y enlaces de inter\u00e9s para nuestros usuarios y clientes.\n<\/p><\/div>\n<div class=\"su-column su-column-2-5 su-column-last su-column-style-0\">\n<div class=\"su-box\">\n<div class=\"su-box-title\" style=\"background-color:#969696;#787878\"><\/div>\n<div class=\"su-box-content\"  style=\"color:#3c3c3c; background-color:#eaeaea;\">\n<ul>\n<li><a href=\"http:\/\/msjabogados.com\/category\/publicaciones\/\">Publicaciones<\/a>\n<ul>\n<li><a href=\"http:\/\/msjabogados.com\/category\/ensayos\/\">ENSAYOS<\/a><\/li>\n<li><a href=\"http:\/\/msjabogados.com\/category\/ir\/\">IR MSJ\u00ae<\/a><\/li>\n<li><a href=\"http:\/\/msjabogados.com\/category\/otras-publicaciones\/\">Otras Publicaciones<\/a><\/li>\n<\/ul>\n<\/li>\n<li><a href=\"http:\/\/msjabogados.com\/coleccion-de-leyes\/\">Colecci\u00f3n de leyes<\/a><\/li>\n<li><a href=\"http:\/\/msjabogados.com\/jurisprudencia\/\">Jurisprudencia<\/a>\n<ul>\n<li><a href=\"http:\/\/msjabogados.com\/jurisprudencia\/sentencias\/\">Sentencias<\/a><\/li>\n<li><a href=\"http:\/\/msjabogados.com\/category\/comentarios\/\">Comentarios<\/a><\/li>\n<\/ul>\n<\/li>\n<li><a href=\"http:\/\/msjabogados.com\/preguntas-frecuentes\/\">Preguntas Frecuentes<\/a><\/li>\n<li><a href=\"http:\/\/msjabogados.com\/link-de-interes\/\">Links de Inter\u00e9s<\/a><\/li>\n<\/ul>\n<\/div>\n<\/div>\n<\/div>\n<div class=\"clear\"><\/div>\n","protected":false},"excerpt":{"rendered":"","protected":false},"author":1,"featured_media":8118,"parent":0,"menu_order":0,"comment_status":"open","ping_status":"open","template":"","meta":{"footnotes":""},"class_list":["post-6800","page","type-page","status-publish","has-post-thumbnail","hentry"],"yoast_head":"<!-- This site is optimized with the Yoast SEO Premium plugin v14.7 - https:\/\/yoast.com\/wordpress\/plugins\/seo\/ -->\n<meta name=\"description\" content=\"En esta r\u00fabrica encontrar\u00e1 bajo sus diferentes formatos y objetivos una valiosa recopilaci\u00f3n de informaci\u00f3n jur\u00eddica sobre los principales aspectos relacionados con nuestras \u00e1reas de pr\u00e1ctica y servicios complementarios.\" \/>\n<meta name=\"robots\" content=\"index, follow\" \/>\n<meta name=\"googlebot\" content=\"index, follow, max-snippet:-1, max-image-preview:large, max-video-preview:-1\" \/>\n<meta name=\"bingbot\" content=\"index, follow, max-snippet:-1, max-image-preview:large, max-video-preview:-1\" \/>\n<link rel=\"canonical\" href=\"https:\/\/msj.do\/conocimiento\/\" \/>\n<meta property=\"og:locale\" content=\"en_US\" \/>\n<meta property=\"og:type\" content=\"article\" \/>\n<meta property=\"og:title\" content=\"Conocimiento - Mart\u00ednez Servicios Jur\u00eddicos, MSJ\" \/>\n<meta property=\"og:description\" content=\"En esta r\u00fabrica encontrar\u00e1 bajo sus diferentes formatos y objetivos una valiosa recopilaci\u00f3n de informaci\u00f3n jur\u00eddica sobre los principales aspectos relacionados con nuestras \u00e1reas de pr\u00e1ctica y servicios complementarios.\" \/>\n<meta property=\"og:url\" content=\"https:\/\/msj.do\/conocimiento\/\" \/>\n<meta property=\"og:site_name\" content=\"Mart\u00ednez Servicios Jur\u00eddicos, MSJ\" \/>\n<meta property=\"article:modified_time\" content=\"2019-07-31T16:12:39+00:00\" \/>\n<meta property=\"og:image\" content=\"https:\/\/msj.do\/wp-content\/uploads\/2017\/12\/3-bw-detalle-color-1280-x-573.jpg\" \/>\n\t<meta property=\"og:image:width\" content=\"1280\" \/>\n\t<meta property=\"og:image:height\" content=\"573\" \/>\n<meta name=\"twitter:card\" content=\"summary_large_image\" \/>\n<script type=\"application\/ld+json\" class=\"yoast-schema-graph\">{\"@context\":\"https:\/\/schema.org\",\"@graph\":[{\"@type\":\"WebSite\",\"@id\":\"https:\/\/msj.do\/en\/#website\",\"url\":\"https:\/\/msj.do\/en\/\",\"name\":\"Mart\\u00ednez Servicios Jur\\u00eddicos, MSJ\",\"description\":\"Litigios &amp; Negocios\",\"potentialAction\":[{\"@type\":\"SearchAction\",\"target\":\"https:\/\/msj.do\/en\/?s={search_term_string}\",\"query-input\":\"required name=search_term_string\"}],\"inLanguage\":\"en-US\"},{\"@type\":\"ImageObject\",\"@id\":\"https:\/\/msj.do\/conocimiento\/#primaryimage\",\"inLanguage\":\"en-US\",\"url\":\"https:\/\/msj.do\/wp-content\/uploads\/2017\/12\/3-bw-detalle-color-1280-x-573.jpg\",\"width\":1280,\"height\":573},{\"@type\":\"WebPage\",\"@id\":\"https:\/\/msj.do\/conocimiento\/#webpage\",\"url\":\"https:\/\/msj.do\/conocimiento\/\",\"name\":\"Conocimiento - Mart\\u00ednez Servicios Jur\\u00eddicos, MSJ\",\"isPartOf\":{\"@id\":\"https:\/\/msj.do\/en\/#website\"},\"primaryImageOfPage\":{\"@id\":\"https:\/\/msj.do\/conocimiento\/#primaryimage\"},\"datePublished\":\"2014-05-11T01:57:07+00:00\",\"dateModified\":\"2019-07-31T16:12:39+00:00\",\"description\":\"En esta r\\u00fabrica encontrar\\u00e1 bajo sus diferentes formatos y objetivos una valiosa recopilaci\\u00f3n de informaci\\u00f3n jur\\u00eddica sobre los principales aspectos relacionados con nuestras \\u00e1reas de pr\\u00e1ctica y servicios complementarios.\",\"inLanguage\":\"en-US\",\"potentialAction\":[{\"@type\":\"ReadAction\",\"target\":[\"https:\/\/msj.do\/conocimiento\/\"]}]}]}<\/script>\n<!-- \/ Yoast SEO Premium plugin. -->","_links":{"self":[{"href":"https:\/\/msj.do\/en\/wp-json\/wp\/v2\/pages\/6800","targetHints":{"allow":["GET"]}}],"collection":[{"href":"https:\/\/msj.do\/en\/wp-json\/wp\/v2\/pages"}],"about":[{"href":"https:\/\/msj.do\/en\/wp-json\/wp\/v2\/types\/page"}],"author":[{"embeddable":true,"href":"https:\/\/msj.do\/en\/wp-json\/wp\/v2\/users\/1"}],"replies":[{"embeddable":true,"href":"https:\/\/msj.do\/en\/wp-json\/wp\/v2\/comments?post=6800"}],"version-history":[{"count":8,"href":"https:\/\/msj.do\/en\/wp-json\/wp\/v2\/pages\/6800\/revisions"}],"predecessor-version":[{"id":8407,"href":"https:\/\/msj.do\/en\/wp-json\/wp\/v2\/pages\/6800\/revisions\/8407"}],"wp:featuredmedia":[{"embeddable":true,"href":"https:\/\/msj.do\/en\/wp-json\/wp\/v2\/media\/8118"}],"wp:attachment":[{"href":"https:\/\/msj.do\/en\/wp-json\/wp\/v2\/media?parent=6800"}],"curies":[{"name":"wp","href":"https:\/\/api.w.org\/{rel}","templated":true}]}}